{"id":1511,"date":"2022-07-24T00:52:55","date_gmt":"2022-07-23T23:52:55","guid":{"rendered":"https:\/\/logmaxx.rs\/budouci-vyvoj\/"},"modified":"2022-11-07T13:35:03","modified_gmt":"2022-11-07T13:35:03","slug":"budouci-vyvoj","status":"publish","type":"page","link":"https:\/\/logmaxx.rs\/cs\/budouci-vyvoj\/","title":{"rendered":"Budouc\u00ed V\u00fdvoj"},"content":{"rendered":"\t\t<div data-elementor-type=\"wp-page\" data-elementor-id=\"1511\" class=\"elementor elementor-1511 elementor-1188\">\n\t\t\t\t\t\t\t\t\t<section class=\"elementor-section elementor-top-section elementor-element elementor-element-cb1e2b9 ct-section-stretched elementor-section-boxed elementor-section-height-default elementor-section-height-default\" data-id=\"cb1e2b9\" data-element_type=\"section\" data-settings=\"{&quot;background_background&quot;:&quot;classic&quot;}\">\n\t\t\t\t\t\t\t<div class=\"elementor-background-overlay\"><\/div>\n\t\t\t\t\t\t\t<div class=\"elementor-container elementor-column-gap-default\">\n\t\t\t\t\t<div class=\"elementor-column elementor-col-100 elementor-top-column elementor-element elementor-element-46e5166\" data-id=\"46e5166\" data-element_type=\"column\">\n\t\t\t<div class=\"elementor-widget-wrap elementor-element-populated\">\n\t\t\t\t\t\t\t\t<div class=\"elementor-element elementor-element-629747d elementor-widget elementor-widget-heading\" data-id=\"629747d\" data-element_type=\"widget\" data-widget_type=\"heading.default\">\n\t\t\t\t<div class=\"elementor-widget-container\">\n\t\t\t<style>\/*! elementor - v3.8.0 - 30-10-2022 *\/\n.elementor-heading-title{padding:0;margin:0;line-height:1}.elementor-widget-heading .elementor-heading-title[class*=elementor-size-]>a{color:inherit;font-size:inherit;line-height:inherit}.elementor-widget-heading .elementor-heading-title.elementor-size-small{font-size:15px}.elementor-widget-heading .elementor-heading-title.elementor-size-medium{font-size:19px}.elementor-widget-heading .elementor-heading-title.elementor-size-large{font-size:29px}.elementor-widget-heading .elementor-heading-title.elementor-size-xl{font-size:39px}.elementor-widget-heading .elementor-heading-title.elementor-size-xxl{font-size:59px}<\/style><h2 class=\"elementor-heading-title elementor-size-default\">Budouc\u00ed V\u00fdvoj<\/h2>\t\t<\/div>\n\t\t\t\t<\/div>\n\t\t\t\t<div class=\"elementor-element elementor-element-8f4c035 elementor-widget elementor-widget-text-editor\" data-id=\"8f4c035\" data-element_type=\"widget\" data-widget_type=\"text-editor.default\">\n\t\t\t\t<div class=\"elementor-widget-container\">\n\t\t\t<style>\/*! elementor - v3.8.0 - 30-10-2022 *\/\n.elementor-widget-text-editor.elementor-drop-cap-view-stacked .elementor-drop-cap{background-color:#818a91;color:#fff}.elementor-widget-text-editor.elementor-drop-cap-view-framed .elementor-drop-cap{color:#818a91;border:3px solid;background-color:transparent}.elementor-widget-text-editor:not(.elementor-drop-cap-view-default) .elementor-drop-cap{margin-top:8px}.elementor-widget-text-editor:not(.elementor-drop-cap-view-default) .elementor-drop-cap-letter{width:1em;height:1em}.elementor-widget-text-editor .elementor-drop-cap{float:left;text-align:center;line-height:1;font-size:50px}.elementor-widget-text-editor .elementor-drop-cap-letter{display:inline-block}<\/style>\t\t\t\t<p style=\"text-align: center;\">N\u00e1\u0161 dlouhodob\u00fd pl\u00e1n p\u0159edpokl\u00e1d\u00e1 rozvoj dal\u0161\u00edch strategicky um\u00edst\u011bn\u00fdch pr\u016fmyslov\u00fdch park\u016f budovan\u00fdch na m\u00edru na\u0161ich z\u00e1kazn\u00edk\u016f (BTS) a multistandardn\u00edch logistick\u00fdch za\u0159\u00edzen\u00ed s a\u017e 240 000 m2 skladov\u00fdch prostor. Na\u0161e pracovi\u0161t\u011b t\u011b\u017e\u00ed z \u0159ady komparativn\u00edch v\u00fdhod a synergi\u00ed se st\u00e1vaj\u00edc\u00edmi objekty, dlouholet\u00e9 praktick\u00e9 znalosti m\u00edstn\u00edho prost\u0159ed\u00ed a mezin\u00e1rodn\u00edch zku\u0161enost\u00ed na\u0161eho t\u00fdmu.  <\/p>\n\t\t\t\t\t\t<\/div>\n\t\t\t\t<\/div>\n\t\t\t\t\t<\/div>\n\t\t<\/div>\n\t\t\t\t\t\t\t<\/div>\n\t\t<\/section>\n\t\t\t\t<section class=\"elementor-section elementor-top-section elementor-element elementor-element-c40b9cd ct-section-stretched elementor-section-boxed elementor-section-height-default elementor-section-height-default\" data-id=\"c40b9cd\" data-element_type=\"section\">\n\t\t\t\t\t\t<div class=\"elementor-container elementor-column-gap-default\">\n\t\t\t\t\t<div class=\"elementor-column elementor-col-100 elementor-top-column elementor-element elementor-element-49eb675 elementor-invisible\" data-id=\"49eb675\" data-element_type=\"column\" data-settings=\"{&quot;animation&quot;:&quot;fadeIn&quot;}\">\n\t\t\t<div class=\"elementor-widget-wrap elementor-element-populated\">\n\t\t\t\t\t\t\t\t<div class=\"elementor-element elementor-element-69084bc elementor-widget elementor-widget-heading\" data-id=\"69084bc\" data-element_type=\"widget\" data-widget_type=\"heading.default\">\n\t\t\t\t<div class=\"elementor-widget-container\">\n\t\t\t<h5 class=\"elementor-heading-title elementor-size-default\">EKONOMICK\u00c9 V\u00ddHODY SRBSKA<\/h5>\t\t<\/div>\n\t\t\t\t<\/div>\n\t\t\t\t<section class=\"elementor-section elementor-inner-section elementor-element elementor-element-9b516b7 elementor-section-boxed elementor-section-height-default elementor-section-height-default\" data-id=\"9b516b7\" data-element_type=\"section\">\n\t\t\t\t\t\t<div class=\"elementor-container elementor-column-gap-default\">\n\t\t\t\t\t<div class=\"elementor-column elementor-col-100 elementor-inner-column elementor-element elementor-element-92f538c\" data-id=\"92f538c\" data-element_type=\"column\">\n\t\t\t<div class=\"elementor-widget-wrap elementor-element-populated\">\n\t\t\t\t\t\t\t\t<div class=\"elementor-element elementor-element-4d27568 elementor-list-item-link-full_width elementor-widget elementor-widget-icon-list\" data-id=\"4d27568\" data-element_type=\"widget\" data-widget_type=\"icon-list.default\">\n\t\t\t\t<div class=\"elementor-widget-container\">\n\t\t\t<link rel=\"stylesheet\" href=\"https:\/\/logmaxx.rs\/wp-content\/plugins\/elementor\/assets\/css\/widget-icon-list.min.css\">\t\t<ul class=\"elementor-icon-list-items\">\n\t\t\t\t\t\t\t<li class=\"elementor-icon-list-item\">\n\t\t\t\t\t\t\t\t\t\t\t<span class=\"elementor-icon-list-icon\">\n\t\t\t\t\t\t\t<i aria-hidden=\"true\" class=\"far fa-square\"><\/i>\t\t\t\t\t\t<\/span>\n\t\t\t\t\t\t\t\t\t\t<span class=\"elementor-icon-list-text\">Nejvy\u0161\u0161\u00ed kumulativn\u00ed tempo r\u016fstu v Evrop\u011b \u2013 krom\u011b Irska p\u0159edstavuje Srbsko d\u00edky sv\u00e9mu specifick\u00e9mu postaven\u00ed kumulativn\u011b za posledn\u00ed dva roky zemi s nejvy\u0161\u0161\u00edm tempem hospod\u00e1\u0159sk\u00e9ho r\u016fstu v Evrop\u011b<\/span>\n\t\t\t\t\t\t\t\t\t<\/li>\n\t\t\t\t\t\t\t\t<li class=\"elementor-icon-list-item\">\n\t\t\t\t\t\t\t\t\t\t\t<span class=\"elementor-icon-list-icon\">\n\t\t\t\t\t\t\t<i aria-hidden=\"true\" class=\"far fa-square\"><\/i>\t\t\t\t\t\t<\/span>\n\t\t\t\t\t\t\t\t\t\t<span class=\"elementor-icon-list-text\">Pozitivn\u00ed v\u00fdhled st\u00e1tn\u00edho ratingu \u2013 agentura Moody's zlep\u0161ila \u00fav\u011brov\u00fd rating Srbska (b\u0159ezen 2021), agentura Fitch potvrdila \u00fav\u011brov\u00fd rating (z\u00e1\u0159\u00ed 2021), zat\u00edmco S&amp;P (prosinec 2021) revidovala sm\u011brem nahoru v\u00fdhled pro z\u00edsk\u00e1n\u00ed investi\u010dn\u00edho ratingu ze stabiln\u00edho na pozitivn\u00ed, \u010d\u00edm\u017e potvrdila makroekonomickou stabilitu a p\u0159\u00edzniv\u00fd v\u00fdhled, jako\u017e i p\u0159im\u011b\u0159enou reakce hospod\u00e1\u0159sk\u00e9 politiky p\u0159ed pandemi\u00ed Covidu a b\u011bhem n\u00ed.<\/span>\n\t\t\t\t\t\t\t\t\t<\/li>\n\t\t\t\t\t\t\t\t<li class=\"elementor-icon-list-item\">\n\t\t\t\t\t\t\t\t\t\t\t<span class=\"elementor-icon-list-icon\">\n\t\t\t\t\t\t\t<i aria-hidden=\"true\" class=\"far fa-square\"><\/i>\t\t\t\t\t\t<\/span>\n\t\t\t\t\t\t\t\t\t\t<span class=\"elementor-icon-list-text\">Siln\u00e1 pozice v oblasti v\u00fdkonnosti podnikatelsk\u00e9ho klimatu \u2013 Srbsko v letech 2015 a\u017e 2020 postoupilo z 93. na 44. m\u00edsto v indexu Sv\u011btov\u00e9 banky Doing Business. To vynik\u00e1 zejm\u00e9na ve srovn\u00e1n\u00ed se Slovenskem (aktu\u00e1ln\u011b 45.) a Chorvatskem (aktu\u00e1ln\u011b 51.). This stands out in comparison to Slovakia (currently 45th) and Croatia (currently 51st). <\/span>\n\t\t\t\t\t\t\t\t\t<\/li>\n\t\t\t\t\t\t\t\t<li class=\"elementor-icon-list-item\">\n\t\t\t\t\t\t\t\t\t\t\t<span class=\"elementor-icon-list-icon\">\n\t\t\t\t\t\t\t<i aria-hidden=\"true\" class=\"far fa-square\"><\/i>\t\t\t\t\t\t<\/span>\n\t\t\t\t\t\t\t\t\t\t<span class=\"elementor-icon-list-text\">Srbsko je na prvn\u00edm m\u00edst\u011b v celosv\u011btov\u00e9m indexu v\u00fdkonnosti projekt\u016f na zelen\u00e9 louce v roce 2019<\/span>\n\t\t\t\t\t\t\t\t\t<\/li>\n\t\t\t\t\t\t\t\t<li class=\"elementor-icon-list-item\">\n\t\t\t\t\t\t\t\t\t\t\t<span class=\"elementor-icon-list-icon\">\n\t\t\t\t\t\t\t<i aria-hidden=\"true\" class=\"far fa-square\"><\/i>\t\t\t\t\t\t<\/span>\n\t\t\t\t\t\t\t\t\t\t<span class=\"elementor-icon-list-text\">Nejni\u017e\u0161\u00ed cena strategick\u00fdch komodit: Srbsku se do roku 2022 poda\u0159ilo udr\u017eet mimo\u0159\u00e1dn\u011b v\u00fdhodn\u00e9 smlouvy o dod\u00e1vk\u00e1ch zemn\u00edho plynu s jednou z nejni\u017e\u0161\u00edch cen v Evrop\u011b<\/span>\n\t\t\t\t\t\t\t\t\t<\/li>\n\t\t\t\t\t\t\t\t<li class=\"elementor-icon-list-item\">\n\t\t\t\t\t\t\t\t\t\t\t<span class=\"elementor-icon-list-icon\">\n\t\t\t\t\t\t\t<i aria-hidden=\"true\" class=\"far fa-square\"><\/i>\t\t\t\t\t\t<\/span>\n\t\t\t\t\t\t\t\t\t\t<span class=\"elementor-icon-list-text\">St\u0159edn\u011bdob\u00e1 projekce r\u016fstu HDP na 4 % a\u017e 5 %<\/span>\n\t\t\t\t\t\t\t\t\t<\/li>\n\t\t\t\t\t\t\t\t<li class=\"elementor-icon-list-item\">\n\t\t\t\t\t\t\t\t\t\t\t<span class=\"elementor-icon-list-icon\">\n\t\t\t\t\t\t\t<i aria-hidden=\"true\" class=\"far fa-square\"><\/i>\t\t\t\t\t\t<\/span>\n\t\t\t\t\t\t\t\t\t\t<span class=\"elementor-icon-list-text\">P\u0159\u00edzniv\u00e9 regulatorn\u00ed a podnikatelsk\u00e9 prost\u0159ed\u00ed: v Srbsku prob\u011bhla \u00fasp\u011b\u0161n\u00e1 realizace v\u00fdznamn\u00fdch reforem pracovn\u00edho pr\u00e1va, povolov\u00e1n\u00ed staveb, inspekce, zad\u00e1v\u00e1n\u00ed ve\u0159ejn\u00fdch zak\u00e1zek a privatizace.<\/span>\n\t\t\t\t\t\t\t\t\t<\/li>\n\t\t\t\t\t\t\t\t<li class=\"elementor-icon-list-item\">\n\t\t\t\t\t\t\t\t\t\t\t<span class=\"elementor-icon-list-icon\">\n\t\t\t\t\t\t\t<i aria-hidden=\"true\" class=\"far fa-square\"><\/i>\t\t\t\t\t\t<\/span>\n\t\t\t\t\t\t\t\t\t\t<span class=\"elementor-icon-list-text\">Regulace kapit\u00e1lov\u00fdch trh\u016f harmonizovan\u00e1 s EU<\/span>\n\t\t\t\t\t\t\t\t\t<\/li>\n\t\t\t\t\t\t\t\t<li class=\"elementor-icon-list-item\">\n\t\t\t\t\t\t\t\t\t\t\t<span class=\"elementor-icon-list-icon\">\n\t\t\t\t\t\t\t<i aria-hidden=\"true\" class=\"far fa-square\"><\/i>\t\t\t\t\t\t<\/span>\n\t\t\t\t\t\t\t\t\t\t<span class=\"elementor-icon-list-text\">Stabiln\u00ed m\u011bnov\u00e9 prost\u0159ed\u00ed: RSD je nav\u00e1z\u00e1no na euro v kurzu EUR\/RSD = 117, co\u017e poskytuje mimo\u0159\u00e1dnou dlouhodobou m\u011bnovou stabilitu.<\/span>\n\t\t\t\t\t\t\t\t\t<\/li>\n\t\t\t\t\t\t\t\t<li class=\"elementor-icon-list-item\">\n\t\t\t\t\t\t\t\t\t\t\t<span class=\"elementor-icon-list-icon\">\n\t\t\t\t\t\t\t<i aria-hidden=\"true\" class=\"far fa-square\"><\/i>\t\t\t\t\t\t<\/span>\n\t\t\t\t\t\t\t\t\t\t<span class=\"elementor-icon-list-text\">N\u00edzk\u00e1 sazba dan\u011b ze zisku pr\u00e1vnick\u00fdch osob na \u00farovni 15 %, jedna z nejni\u017e\u0161\u00edch v regionu.<\/span>\n\t\t\t\t\t\t\t\t\t<\/li>\n\t\t\t\t\t\t\t\t<li class=\"elementor-icon-list-item\">\n\t\t\t\t\t\t\t\t\t\t\t<span class=\"elementor-icon-list-icon\">\n\t\t\t\t\t\t\t<i aria-hidden=\"true\" class=\"far fa-square\"><\/i>\t\t\t\t\t\t<\/span>\n\t\t\t\t\t\t\t\t\t\t<span class=\"elementor-icon-list-text\">P\u0159\u00edzniv\u00fd trh pr\u00e1ce \u2013 N\u00edzk\u00e9 n\u00e1klady na pracovn\u00ed s\u00edlu spolu se srovnateln\u011b vy\u0161\u0161\u00ed m\u00edrou nezam\u011bstnanosti ve srovn\u00e1n\u00ed s evropsk\u00fdm pr\u016fm\u011brem pom\u00e1haj\u00ed p\u0159edch\u00e1zet nedostatku pracovn\u00edch sil, kter\u00fd br\u00e1n\u00ed provozu sklad\u016f v jin\u00fdch evropsk\u00fdch zem\u00edch. To d\u00e1v\u00e1 logistick\u00fdm park\u016fm v Srbsku p\u0159\u00edstup ke stabiln\u00edm v\u00fdnos\u016fm, proto\u017ee jejich n\u00e1jemci maj\u00ed lep\u0161\u00ed tr\u017en\u00ed podm\u00ednky ne\u017e jinde. <\/span>\n\t\t\t\t\t\t\t\t\t<\/li>\n\t\t\t\t\t\t\t\t<li class=\"elementor-icon-list-item\">\n\t\t\t\t\t\t\t\t\t\t\t<span class=\"elementor-icon-list-icon\">\n\t\t\t\t\t\t\t<i aria-hidden=\"true\" class=\"far fa-square\"><\/i>\t\t\t\t\t\t<\/span>\n\t\t\t\t\t\t\t\t\t\t<span class=\"elementor-icon-list-text\">Bezceln\u00ed v\u00fdrobn\u00ed z\u00e1kladna obsluhuj\u00edc\u00ed trhy s v\u00edce ne\u017e 1 miliardou spot\u0159ebitel\u016f \u2013 Srbsko se postupn\u011b etabluje jako v\u00fdrobn\u00ed centrum pro bezceln\u00ed v\u00fdvoz na trh s v\u00edce ne\u017e 1 miliardou potenci\u00e1ln\u00edch z\u00e1kazn\u00edk\u016f, kter\u00fd zahrnuje Evropskou unii, Ruskou federaci, USA, Kazachst\u00e1n, Turecko, cel\u00fd region jihov\u00fdchodn\u00ed Evropy, \u010dleny Evropsk\u00e9 dohody o voln\u00e9m obchodu a B\u011blorusko. Krom\u011b toho, Srbsko udr\u017euje dohodu o strategick\u00e9m partnerstv\u00ed s \u010c\u00ednou a Spojen\u00fdmi arabsk\u00fdmi emir\u00e1ty. Srbsko si udr\u017euje neutr\u00e1ln\u00ed obchodn\u00ed pozici umo\u017e\u0148uj\u00edc\u00ed vy\u0161\u0161\u00ed stupe\u0148 obchodn\u00ed v\u00fdm\u011bny a p\u0159eklenuje propast mezi EU, Z\u00e1padem a V\u00fdchodem.  <\/span>\n\t\t\t\t\t\t\t\t\t<\/li>\n\t\t\t\t\t\t<\/ul>\n\t\t\t\t<\/div>\n\t\t\t\t<\/div>\n\t\t\t\t<div class=\"elementor-element elementor-element-72ace75 elementor-widget elementor-widget-spacer\" data-id=\"72ace75\" data-element_type=\"widget\" data-widget_type=\"spacer.default\">\n\t\t\t\t<div class=\"elementor-widget-container\">\n\t\t\t<style>\/*! elementor - v3.8.0 - 30-10-2022 *\/\n.elementor-column .elementor-spacer-inner{height:var(--spacer-size)}.e-con{--container-widget-width:100%}.e-con-inner>.elementor-widget-spacer,.e-con>.elementor-widget-spacer{width:var(--container-widget-width,var(--spacer-size));-ms-flex-item-align:stretch;align-self:stretch;-ms-flex-negative:0;flex-shrink:0}.e-con-inner>.elementor-widget-spacer>.elementor-widget-container,.e-con-inner>.elementor-widget-spacer>.elementor-widget-container>.elementor-spacer,.e-con>.elementor-widget-spacer>.elementor-widget-container,.e-con>.elementor-widget-spacer>.elementor-widget-container>.elementor-spacer{height:100%}.e-con-inner>.elementor-widget-spacer>.elementor-widget-container>.elementor-spacer>.elementor-spacer-inner,.e-con>.elementor-widget-spacer>.elementor-widget-container>.elementor-spacer>.elementor-spacer-inner{height:var(--container-widget-height,var(--spacer-size))}<\/style>\t\t<div class=\"elementor-spacer\">\n\t\t\t<div class=\"elementor-spacer-inner\"><\/div>\n\t\t<\/div>\n\t\t\t\t<\/div>\n\t\t\t\t<\/div>\n\t\t\t\t<div class=\"elementor-element elementor-element-9b23cc8 elementor-widget elementor-widget-image\" data-id=\"9b23cc8\" data-element_type=\"widget\" data-widget_type=\"image.default\">\n\t\t\t\t<div class=\"elementor-widget-container\">\n\t\t\t<style>\/*! elementor - v3.8.0 - 30-10-2022 *\/\n.elementor-widget-image{text-align:center}.elementor-widget-image a{display:inline-block}.elementor-widget-image a img[src$=\".svg\"]{width:48px}.elementor-widget-image img{vertical-align:middle;display:inline-block}<\/style>\t\t\t\t\t\t\t\t\t\t\t\t<img loading=\"lazy\" decoding=\"async\" width=\"432\" height=\"208\" src=\"https:\/\/logmaxx.rs\/wp-content\/uploads\/2022\/07\/future-development.jpg\" class=\"attachment-large size-large\" alt=\"\" srcset=\"https:\/\/logmaxx.rs\/wp-content\/uploads\/2022\/07\/future-development.jpg 432w, https:\/\/logmaxx.rs\/wp-content\/uploads\/2022\/07\/future-development-300x144.jpg 300w\" sizes=\"auto, (max-width: 432px) 100vw, 432px\" \/>\t\t\t\t\t\t\t\t\t\t\t\t\t\t\t<\/div>\n\t\t\t\t<\/div>\n\t\t\t\t<div class=\"elementor-element elementor-element-d8bb6db elementor-widget elementor-widget-spacer\" data-id=\"d8bb6db\" data-element_type=\"widget\" data-widget_type=\"spacer.default\">\n\t\t\t\t<div class=\"elementor-widget-container\">\n\t\t\t\t\t<div class=\"elementor-spacer\">\n\t\t\t<div class=\"elementor-spacer-inner\"><\/div>\n\t\t<\/div>\n\t\t\t\t<\/div>\n\t\t\t\t<\/div>\n\t\t\t\t\t<\/div>\n\t\t<\/div>\n\t\t\t\t\t\t\t<\/div>\n\t\t<\/section>\n\t\t\t\t\t<\/div>\n\t\t<\/div>\n\t\t\t\t\t\t\t<\/div>\n\t\t<\/section>\n\t\t\t\t<section class=\"elementor-section elementor-top-section elementor-element elementor-element-bd1e21c ct-section-stretched elementor-section-boxed elementor-section-height-default elementor-section-height-default\" data-id=\"bd1e21c\" data-element_type=\"section\">\n\t\t\t\t\t\t<div class=\"elementor-container elementor-column-gap-default\">\n\t\t\t\t\t<div class=\"elementor-column elementor-col-100 elementor-top-column elementor-element elementor-element-18d6ff2 elementor-invisible\" data-id=\"18d6ff2\" data-element_type=\"column\" data-settings=\"{&quot;animation&quot;:&quot;fadeIn&quot;}\">\n\t\t\t<div class=\"elementor-widget-wrap elementor-element-populated\">\n\t\t\t\t\t\t\t\t<div class=\"elementor-element elementor-element-15a0796 elementor-widget elementor-widget-heading\" data-id=\"15a0796\" data-element_type=\"widget\" data-widget_type=\"heading.default\">\n\t\t\t\t<div class=\"elementor-widget-container\">\n\t\t\t<h5 class=\"elementor-heading-title elementor-size-default\">V\u00ddHLED A BUDOUC\u00cd V\u00ddVOJ<\/h5>\t\t<\/div>\n\t\t\t\t<\/div>\n\t\t\t\t<section class=\"elementor-section elementor-inner-section elementor-element elementor-element-15242e3 elementor-section-boxed elementor-section-height-default elementor-section-height-default\" data-id=\"15242e3\" data-element_type=\"section\">\n\t\t\t\t\t\t<div class=\"elementor-container elementor-column-gap-default\">\n\t\t\t\t\t<div class=\"elementor-column elementor-col-100 elementor-inner-column elementor-element elementor-element-5d88ccb\" data-id=\"5d88ccb\" data-element_type=\"column\">\n\t\t\t<div class=\"elementor-widget-wrap elementor-element-populated\">\n\t\t\t\t\t\t\t\t<div class=\"elementor-element elementor-element-20b7d8d elementor-list-item-link-full_width elementor-widget elementor-widget-icon-list\" data-id=\"20b7d8d\" data-element_type=\"widget\" data-widget_type=\"icon-list.default\">\n\t\t\t\t<div class=\"elementor-widget-container\">\n\t\t\t\t\t<ul class=\"elementor-icon-list-items\">\n\t\t\t\t\t\t\t<li class=\"elementor-icon-list-item\">\n\t\t\t\t\t\t\t\t\t\t\t<span class=\"elementor-icon-list-icon\">\n\t\t\t\t\t\t\t<i aria-hidden=\"true\" class=\"far fa-square\"><\/i>\t\t\t\t\t\t<\/span>\n\t\t\t\t\t\t\t\t\t\t<span class=\"elementor-icon-list-text\">Pandemie COVID-19 urychlila boom sektoru e-commerce tj. internetov\u00e9ho obchodu, v\u00fdrazn\u011b zv\u00fd\u0161ila popt\u00e1vku po logistick\u00fdch parc\u00edch a skladech strategicky rozm\u00edst\u011bn\u00fdch v bl\u00edzkosti velk\u00fdch m\u011bst, d\u00edky \u010demu\u017e se tato lokalita stala vysoce atraktivn\u00ed z\u00e1kladnou pro slu\u017eby v oblasti fulfillmentu, na trhu, kter\u00fd byl doposud ve srovn\u00e1n\u00ed s evropsk\u00fdm pr\u016fm\u011brem z velk\u00e9 \u010d\u00e1sti nerozvinut\u00fd, co\u017e p\u0159edstavuje v\u00fdznamnou p\u0159\u00edle\u017eitost rozvoje.<\/span>\n\t\t\t\t\t\t\t\t\t<\/li>\n\t\t\t\t\t\t\t\t<li class=\"elementor-icon-list-item\">\n\t\t\t\t\t\t\t\t\t\t\t<span class=\"elementor-icon-list-icon\">\n\t\t\t\t\t\t\t<i aria-hidden=\"true\" class=\"far fa-square\"><\/i>\t\t\t\t\t\t<\/span>\n\t\t\t\t\t\t\t\t\t\t<span class=\"elementor-icon-list-text\">St\u00e1vaj\u00edc\u00ed pl\u00e1n rozvoje BTS v\u00fdstavby p\u0159edpokl\u00e1d\u00e1 v bezprost\u0159edn\u00ed budoucnosti roz\u0161\u00ed\u0159en\u00ed st\u00e1vaj\u00edc\u00edho za\u0159\u00edzen\u00ed o dal\u0161\u00edch 90 000 m2 skladov\u00fdch prostor.<\/span>\n\t\t\t\t\t\t\t\t\t<\/li>\n\t\t\t\t\t\t\t\t<li class=\"elementor-icon-list-item\">\n\t\t\t\t\t\t\t\t\t\t\t<span class=\"elementor-icon-list-icon\">\n\t\t\t\t\t\t\t<i aria-hidden=\"true\" class=\"far fa-square\"><\/i>\t\t\t\t\t\t<\/span>\n\t\t\t\t\t\t\t\t\t\t<span class=\"elementor-icon-list-text\">Dlouhodob\u00fd pl\u00e1n rozvoje p\u0159edpokl\u00e1d\u00e1 v\u00fdstavbu dal\u0161\u00ed BTS a multistandardn\u00edho logistick\u00e9ho z\u00e1zem\u00ed s a\u017e 240 000 m2 obsluhovan\u00fdch skladov\u00fdch ploch.<\/span>\n\t\t\t\t\t\t\t\t\t<\/li>\n\t\t\t\t\t\t\t\t<li class=\"elementor-icon-list-item\">\n\t\t\t\t\t\t\t\t\t\t\t<span class=\"elementor-icon-list-icon\">\n\t\t\t\t\t\t\t<i aria-hidden=\"true\" class=\"far fa-square\"><\/i>\t\t\t\t\t\t<\/span>\n\t\t\t\t\t\t\t\t\t\t<span class=\"elementor-icon-list-text\">V\u00fdznamn\u00ed mezin\u00e1rodn\u00ed logisti\u010dt\u00ed oper\u00e1to\u0159i s\u00eddl\u00edc\u00ed v bezprost\u0159edn\u00ed bl\u00edzkosti p\u0159isp\u00edvaj\u00ed k atraktivit\u011b lokality jako preferovan\u00e9ho logistick\u00e9ho clusteru v regionu.<\/span>\n\t\t\t\t\t\t\t\t\t<\/li>\n\t\t\t\t\t\t<\/ul>\n\t\t\t\t<\/div>\n\t\t\t\t<\/div>\n\t\t\t\t<div class=\"elementor-element elementor-element-e745eb3 elementor-widget elementor-widget-spacer\" data-id=\"e745eb3\" data-element_type=\"widget\" data-widget_type=\"spacer.default\">\n\t\t\t\t<div class=\"elementor-widget-container\">\n\t\t\t\t\t<div class=\"elementor-spacer\">\n\t\t\t<div class=\"elementor-spacer-inner\"><\/div>\n\t\t<\/div>\n\t\t\t\t<\/div>\n\t\t\t\t<\/div>\n\t\t\t\t\t<\/div>\n\t\t<\/div>\n\t\t\t\t\t\t\t<\/div>\n\t\t<\/section>\n\t\t\t\t\t<\/div>\n\t\t<\/div>\n\t\t\t\t\t\t\t<\/div>\n\t\t<\/section>\n\t\t\t\t\t\t\t<\/div>\n\t\t","protected":false},"excerpt":{"rendered":"<p>Budouc\u00ed V\u00fdvoj N\u00e1\u0161 dlouhodob\u00fd pl\u00e1n p\u0159edpokl\u00e1d\u00e1 rozvoj dal\u0161\u00edch strategicky um\u00edst\u011bn\u00fdch pr\u016fmyslov\u00fdch park\u016f budovan\u00fdch na m\u00edru na\u0161ich z\u00e1kazn\u00edk\u016f (BTS) a multistandardn\u00edch logistick\u00fdch za\u0159\u00edzen\u00ed s a\u017e 240 000 m2 skladov\u00fdch prostor. Na\u0161e pracovi\u0161t\u011b t\u011b\u017e\u00ed z \u0159ady komparativn\u00edch v\u00fdhod a synergi\u00ed se st\u00e1vaj\u00edc\u00edmi objekty, dlouholet\u00e9 praktick\u00e9 znalosti m\u00edstn\u00edho prost\u0159ed\u00ed a mezin\u00e1rodn\u00edch zku\u0161enost\u00ed na\u0161eho t\u00fdmu. EKONOMICK\u00c9 V\u00ddHODY SRBSKA Nejvy\u0161\u0161\u00ed kumulativn\u00ed tempo r\u016fstu v Evrop\u011b \u2013 krom\u011b Irska p\u0159edstavuje Srbsko d\u00edky sv\u00e9mu specifick\u00e9mu postaven\u00ed kumulativn\u011b za posledn\u00ed dva roky zemi s nejvy\u0161\u0161\u00edm tempem hospod\u00e1\u0159sk\u00e9ho r\u016fstu v Evrop\u011b Pozitivn\u00ed v\u00fdhled st\u00e1tn\u00edho ratingu \u2013 agentura Moody&#8217;s zlep\u0161ila \u00fav\u011brov\u00fd rating Srbska (b\u0159ezen 2021), agentura Fitch potvrdila \u00fav\u011brov\u00fd rating\u2026<\/p>\n","protected":false},"author":1,"featured_media":0,"parent":0,"menu_order":0,"comment_status":"closed","ping_status":"closed","template":"elementor_header_footer","meta":{"footnotes":""},"class_list":["post-1511","page","type-page","status-publish","hentry"],"blocksy_meta":{"styles_descriptor":{"styles":{"desktop":"","tablet":"","mobile":""},"google_fonts":[],"version":5}},"_links":{"self":[{"href":"https:\/\/logmaxx.rs\/cs\/wp-json\/wp\/v2\/pages\/1511","targetHints":{"allow":["GET"]}}],"collection":[{"href":"https:\/\/logmaxx.rs\/cs\/wp-json\/wp\/v2\/pages"}],"about":[{"href":"https:\/\/logmaxx.rs\/cs\/wp-json\/wp\/v2\/types\/page"}],"author":[{"embeddable":true,"href":"https:\/\/logmaxx.rs\/cs\/wp-json\/wp\/v2\/users\/1"}],"replies":[{"embeddable":true,"href":"https:\/\/logmaxx.rs\/cs\/wp-json\/wp\/v2\/comments?post=1511"}],"version-history":[{"count":5,"href":"https:\/\/logmaxx.rs\/cs\/wp-json\/wp\/v2\/pages\/1511\/revisions"}],"predecessor-version":[{"id":1540,"href":"https:\/\/logmaxx.rs\/cs\/wp-json\/wp\/v2\/pages\/1511\/revisions\/1540"}],"wp:attachment":[{"href":"https:\/\/logmaxx.rs\/cs\/wp-json\/wp\/v2\/media?parent=1511"}],"curies":[{"name":"wp","href":"https:\/\/api.w.org\/{rel}","templated":true}]}}